{"id":16,"date":"2024-12-31T10:47:27","date_gmt":"2024-12-31T10:47:27","guid":{"rendered":"https:\/\/www.nexdaon.com\/servicios\/"},"modified":"2025-01-05T12:03:12","modified_gmt":"2025-01-05T11:03:12","slug":"servicios","status":"publish","type":"page","link":"https:\/\/www.nexdaon.com\/en\/servicios\/","title":{"rendered":"Services"},"content":{"rendered":"<div class=\"wp-block-group alignfull has-background-background-color has-background is-layout-constrained wp-block-group-is-layout-constrained\" style=\"margin-top:0;margin-bottom:0;padding-top:0;padding-bottom:0\">\n<div class=\"wp-block-cover alignfull\" style=\"padding-top:0;padding-right:0;padding-bottom:0;padding-left:0;min-height:50px;aspect-ratio:unset;\"><span aria-hidden=\"true\" class=\"wp-block-cover__background has-black-background-color has-background-dim-60 has-background-dim\"><\/span><img loading=\"lazy\" decoding=\"async\" width=\"1280\" height=\"850\" class=\"wp-block-cover__image-background wp-image-40\" alt=\"\" src=\"https:\/\/www.nexdaon.com\/wp-content\/uploads\/2024\/12\/a4c1c09d3a2b83d2c2a7aeded821c8585582b1f7.jpg\" data-object-fit=\"cover\" srcset=\"https:\/\/www.nexdaon.com\/wp-content\/uploads\/2024\/12\/a4c1c09d3a2b83d2c2a7aeded821c8585582b1f7.jpg 1280w, https:\/\/www.nexdaon.com\/wp-content\/uploads\/2024\/12\/a4c1c09d3a2b83d2c2a7aeded821c8585582b1f7-300x199.jpg 300w, https:\/\/www.nexdaon.com\/wp-content\/uploads\/2024\/12\/a4c1c09d3a2b83d2c2a7aeded821c8585582b1f7-1024x680.jpg 1024w, https:\/\/www.nexdaon.com\/wp-content\/uploads\/2024\/12\/a4c1c09d3a2b83d2c2a7aeded821c8585582b1f7-768x510.jpg 768w\" sizes=\"auto, (max-width: 1280px) 100vw, 1280px\" \/><div class=\"wp-block-cover__inner-container is-layout-flow wp-block-cover-is-layout-flow\">\n<div class=\"wp-block-group is-layout-constrained wp-container-core-group-is-layout-dc79e9a9 wp-block-group-is-layout-constrained has-background\" style=\"padding-top:var(--wp--preset--spacing--60);padding-right:var(--wp--preset--spacing--30);padding-bottom:var(--wp--preset--spacing--60);padding-left:var(--wp--preset--spacing--30);background-image:url(&apos;https:\/\/www.nexdaon.com\/wp-content\/uploads\/2025\/01\/4cdc46b3868ed7e629126553a2272d1d6f105665.jpg&apos;);background-size:cover;\">\n<h1 class=\"wp-block-heading has-text-align-center has-text-color has-x-large-font-size\" style=\"color:#fffffffc\">Boost your digital success<\/h1>\n<\/div>\n<\/div><\/div>\n<\/div>\n\n\n\n<div class=\"inherit-container-width wp-block-group alignfull has-background-background-color has-background is-layout-constrained wp-container-core-group-is-layout-7276a2bb wp-block-group-is-layout-constrained\" style=\"margin-top:0;margin-bottom:0;padding-top:var(--wp--preset--spacing--60);padding-right:var(--wp--preset--spacing--30);padding-bottom:var(--wp--preset--spacing--60);padding-left:var(--wp--preset--spacing--30)\">\n<div class=\"wp-block-group alignwide is-content-justification-center is-layout-constrained wp-block-group-is-layout-constrained\">\n<h2 class=\"wp-block-heading has-text-align-center has-large-font-size\">Our Professional Services Description<\/h2>\n\n\n\n<p class=\"has-text-align-center\" style=\"margin-top:16px\">This section highlights the variety of services we offer, emphasizing quality and customer satisfaction.<\/p>\n<\/div>\n<\/div>\n\n\n\n<div class=\"inherit-container-width wp-block-group alignfull has-background-background-color has-background is-layout-constrained wp-container-core-group-is-layout-7276a2bb wp-block-group-is-layout-constrained\" style=\"margin-top:0;margin-bottom:0;padding-top:var(--wp--preset--spacing--60);padding-right:var(--wp--preset--spacing--30);padding-bottom:var(--wp--preset--spacing--60);padding-left:var(--wp--preset--spacing--30)\">\n<div class=\"wp-block-group alignwide is-content-justification-left is-layout-constrained wp-container-core-group-is-layout-8b4c372c wp-block-group-is-layout-constrained\">\n<h2 class=\"wp-block-heading has-text-align-left has-ast-global-color-0-color has-text-color has-link-color has-large-font-size wp-elements-c7d1d016ddd896c716304626e8829d8d\">Consultancy<\/h2>\n\n\n\n<p class=\"has-text-align-center\" style=\"margin-top:16px;font-style:normal;font-weight:600\"><\/p>\n<\/div>\n\n\n\n<div class=\"wp-block-columns alignwide are-vertically-aligned-top has-ast-global-color-5-background-color has-background is-layout-flex wp-container-core-columns-is-layout-08c01c1c wp-block-columns-is-layout-flex\">\n<div class=\"wp-block-column is-vertically-aligned-top is-layout-flow wp-block-column-is-layout-flow\">\n<div class=\"wp-block-group is-layout-constrained wp-block-group-is-layout-constrained\">\n<p class=\"has-text-align-left\" style=\"margin-top:8px;font-size:16px;font-style:normal;font-weight:600\">Companies with a technology strategy have a competitive advantage over others. <\/p>\n\n\n\n<p class=\"has-text-align-left\" style=\"margin-top:8px;font-size:16px;font-style:normal;font-weight:600\">Take advantage of the opportunities offered by new technologies to earn more. <\/p>\n\n\n\n<p class=\"has-text-align-left\" style=\"margin-top:8px;font-size:16px;font-style:normal;font-weight:600\">Our team of experts will present you with a strategic plan that will show you how to use new technologies to increase your sales.<\/p>\n<\/div>\n\n\n\n<div class=\"wp-block-group is-layout-constrained wp-block-group-is-layout-constrained\">\n<h3 class=\"wp-block-heading has-ast-global-color-0-color has-text-color has-link-color wp-elements-aa112564b648acd82b3a495a812d61a6\" style=\"font-size:20px;line-height:1.5\">Coaching<\/h3>\n\n\n\n<ul class=\"wp-block-list\">\n<li>Advice<\/li>\n\n\n\n<li>Process optimization<\/li>\n\n\n\n<li>Corporate Marketing<\/li>\n<\/ul>\n<\/div>\n\n\n\n<div class=\"wp-block-group is-layout-constrained wp-block-group-is-layout-constrained\">\n<h3 class=\"wp-block-heading has-ast-global-color-0-color has-text-color has-link-color wp-elements-a8cb1cf1d618fbdf8ef81b5830b98637\" style=\"font-size:20px;line-height:1.5\">Training<\/h3>\n\n\n\n<ul class=\"wp-block-list\">\n<li>Custom courses<\/li>\n<\/ul>\n<\/div>\n\n\n\n<div class=\"wp-block-group is-layout-constrained wp-block-group-is-layout-constrained\">\n<h3 class=\"wp-block-heading has-ast-global-color-0-color has-text-color has-link-color wp-elements-b1d36c1eeef25d40da23216fcc5f3d5e\" style=\"font-size:20px;line-height:1.5\">Software<\/h3>\n\n\n\n<ul class=\"wp-block-list\">\n<li>AEPD audit and registration<\/li>\n<\/ul>\n<\/div>\n<\/div>\n\n\n\n<div class=\"wp-block-column is-vertically-aligned-top is-layout-flow wp-block-column-is-layout-flow\">\n<figure class=\"wp-block-image size-large ext-aspect-landscape\"><img loading=\"lazy\" decoding=\"async\" width=\"1024\" height=\"683\" src=\"https:\/\/www.nexdaon.com\/wp-content\/uploads\/2025\/01\/image-3-1024x683.jpg\" alt=\"\" class=\"wp-image-258\" style=\"aspect-ratio:3\/4;object-fit:cover\" srcset=\"https:\/\/www.nexdaon.com\/wp-content\/uploads\/2025\/01\/image-3-1024x683.jpg 1024w, https:\/\/www.nexdaon.com\/wp-content\/uploads\/2025\/01\/image-3-300x200.jpg 300w, https:\/\/www.nexdaon.com\/wp-content\/uploads\/2025\/01\/image-3-768x512.jpg 768w, https:\/\/www.nexdaon.com\/wp-content\/uploads\/2025\/01\/image-3-18x12.jpg 18w, https:\/\/www.nexdaon.com\/wp-content\/uploads\/2025\/01\/image-3.jpg 1080w\" sizes=\"auto, (max-width: 1024px) 100vw, 1024px\" \/><\/figure>\n<\/div>\n<\/div>\n<\/div>\n\n\n\n<div class=\"inherit-container-width wp-block-group alignfull has-background-background-color has-background is-layout-constrained wp-container-core-group-is-layout-7276a2bb wp-block-group-is-layout-constrained\" style=\"margin-top:0;margin-bottom:0;padding-top:var(--wp--preset--spacing--60);padding-right:var(--wp--preset--spacing--30);padding-bottom:var(--wp--preset--spacing--60);padding-left:var(--wp--preset--spacing--30)\">\n<div class=\"wp-block-group alignwide is-content-justification-left is-layout-constrained wp-container-core-group-is-layout-8b4c372c wp-block-group-is-layout-constrained\">\n<h2 class=\"wp-block-heading has-text-align-left has-ast-global-color-0-color has-text-color has-link-color has-large-font-size wp-elements-3790e0eba11d338c428cb50598eb7b9d\">Networks<\/h2>\n\n\n\n<p class=\"has-text-align-center\" style=\"margin-top:16px;font-style:normal;font-weight:600\"><\/p>\n<\/div>\n\n\n\n<div class=\"wp-block-columns alignwide are-vertically-aligned-top has-ast-global-color-5-background-color has-background is-layout-flex wp-container-core-columns-is-layout-08c01c1c wp-block-columns-is-layout-flex\">\n<div class=\"wp-block-column is-vertically-aligned-top is-layout-flow wp-block-column-is-layout-flow\">\n<div class=\"wp-block-group is-layout-constrained wp-block-group-is-layout-constrained\">\n<p class=\"has-text-align-left\" style=\"margin-top:8px;font-size:16px;font-style:normal;font-weight:600\">Hosting and maintenance of your business space on the web.<\/p>\n\n\n\n<p class=\"has-text-align-left\" style=\"margin-top:8px;font-size:16px;font-style:normal;font-weight:600\">Installation, configuration and maintenance of your equipment.<\/p>\n\n\n\n<p class=\"has-text-align-left\" style=\"margin-top:8px;font-size:16px;font-style:normal;font-weight:600\">Protecting your network from attacks.<\/p>\n<\/div>\n\n\n\n<div class=\"wp-block-group is-layout-constrained wp-block-group-is-layout-constrained\">\n<h3 class=\"wp-block-heading has-ast-global-color-0-color has-text-color has-link-color wp-elements-e01a0308a777e2dcb7b5b4ce11ba690c\" style=\"font-size:20px;line-height:1.5\">Networks<\/h3>\n\n\n\n<ul class=\"wp-block-list\">\n<li>Private networks<\/li>\n\n\n\n<li>Security<\/li>\n\n\n\n<li>Installation and maintenance<\/li>\n<\/ul>\n<\/div>\n\n\n\n<div class=\"wp-block-group is-layout-constrained wp-block-group-is-layout-constrained\">\n<h3 class=\"wp-block-heading has-ast-global-color-0-color has-text-color has-link-color wp-elements-c03081612fe85d52ed45eb94aae018f9\" style=\"font-size:20px;line-height:1.5\">Hardware<\/h3>\n\n\n\n<ul class=\"wp-block-list\">\n<li>Routers \/ Switches \/ Fiber optics<\/li>\n\n\n\n<li>Servers<\/li>\n\n\n\n<li>Workstations<\/li>\n<\/ul>\n<\/div>\n\n\n\n<div class=\"wp-block-group is-layout-constrained wp-block-group-is-layout-constrained\">\n<h3 class=\"wp-block-heading has-ast-global-color-0-color has-text-color has-link-color wp-elements-10bdd2711e48cc66a67716e5ed471a3b\" style=\"font-size:20px;line-height:1.5\">Hosting<\/h3>\n\n\n\n<ul class=\"wp-block-list\">\n<li>Email<\/li>\n\n\n\n<li>Web<\/li>\n\n\n\n<li>Domains and Certificates SSL\/TLS<\/li>\n<\/ul>\n\n\n\n<h3 class=\"wp-block-heading has-ast-global-color-0-color has-text-color has-link-color wp-elements-b1d36c1eeef25d40da23216fcc5f3d5e\" style=\"font-size:20px;line-height:1.5\">Software<\/h3>\n\n\n\n<ul class=\"wp-block-list\">\n<li>Custom programming<\/li>\n\n\n\n<li>Backups<\/li>\n\n\n\n<li>Remote support<\/li>\n\n\n\n<li>Maintenance<\/li>\n<\/ul>\n<\/div>\n<\/div>\n\n\n\n<div class=\"wp-block-column is-vertically-aligned-top is-layout-flow wp-block-column-is-layout-flow\">\n<figure class=\"wp-block-image size-large ext-aspect-landscape\"><img loading=\"lazy\" decoding=\"async\" width=\"1024\" height=\"585\" src=\"https:\/\/www.nexdaon.com\/wp-content\/uploads\/2025\/01\/img-ejnUPsjucqyoSemHFt7Fd581-1024x585.jpg\" alt=\"\" class=\"wp-image-235\" style=\"aspect-ratio:3\/4;object-fit:cover\" srcset=\"https:\/\/www.nexdaon.com\/wp-content\/uploads\/2025\/01\/img-ejnUPsjucqyoSemHFt7Fd581-1024x585.jpg 1024w, https:\/\/www.nexdaon.com\/wp-content\/uploads\/2025\/01\/img-ejnUPsjucqyoSemHFt7Fd581-300x171.jpg 300w, https:\/\/www.nexdaon.com\/wp-content\/uploads\/2025\/01\/img-ejnUPsjucqyoSemHFt7Fd581-768x439.jpg 768w, https:\/\/www.nexdaon.com\/wp-content\/uploads\/2025\/01\/img-ejnUPsjucqyoSemHFt7Fd581-1536x878.jpg 1536w, https:\/\/www.nexdaon.com\/wp-content\/uploads\/2025\/01\/img-ejnUPsjucqyoSemHFt7Fd581-18x10.jpg 18w, https:\/\/www.nexdaon.com\/wp-content\/uploads\/2025\/01\/img-ejnUPsjucqyoSemHFt7Fd581.jpg 1792w\" sizes=\"auto, (max-width: 1024px) 100vw, 1024px\" \/><\/figure>\n<\/div>\n<\/div>\n<\/div>\n\n\n\n<div class=\"inherit-container-width wp-block-group alignfull has-background-background-color has-background is-layout-constrained wp-container-core-group-is-layout-7276a2bb wp-block-group-is-layout-constrained\" style=\"margin-top:0;margin-bottom:0;padding-top:var(--wp--preset--spacing--60);padding-right:var(--wp--preset--spacing--30);padding-bottom:var(--wp--preset--spacing--60);padding-left:var(--wp--preset--spacing--30)\">\n<div class=\"wp-block-group alignwide is-content-justification-left is-layout-constrained wp-container-core-group-is-layout-8b4c372c wp-block-group-is-layout-constrained\">\n<h2 class=\"wp-block-heading has-text-align-left has-ast-global-color-0-color has-text-color has-link-color has-large-font-size wp-elements-340c5ad7f29dc8d0b0aecead2ad16a57\">Development<\/h2>\n\n\n\n<p class=\"has-text-align-center\" style=\"margin-top:16px;font-style:normal;font-weight:600\"><\/p>\n<\/div>\n\n\n\n<div class=\"wp-block-columns alignwide are-vertically-aligned-top has-ast-global-color-5-background-color has-background is-layout-flex wp-container-core-columns-is-layout-08c01c1c wp-block-columns-is-layout-flex\">\n<div class=\"wp-block-column is-vertically-aligned-top is-layout-flow wp-block-column-is-layout-flow\">\n<div class=\"wp-block-group is-layout-constrained wp-block-group-is-layout-constrained\">\n<p class=\"has-text-align-left\" style=\"margin-top:8px;font-size:16px;font-style:normal;font-weight:600\">Corporate and SMB web development leverages technologies such as HTML5, CSS3, JavaScript, PHP, and Java to create modern solutions tailored to business needs.<\/p>\n\n\n\n<p class=\"has-text-align-left\" style=\"margin-top:8px;font-size:16px;font-style:normal;font-weight:600\"> Databases such as MySQL and Oracle ensure efficient information management, while multiplatform development (Web, Android and iOS) allows you to reach more users, optimizing the digital experience and boosting business growth.<\/p>\n<\/div>\n\n\n\n<div class=\"wp-block-group is-layout-constrained wp-block-group-is-layout-constrained\">\n<h3 class=\"wp-block-heading has-ast-global-color-0-color has-text-color has-link-color wp-elements-1dd7d34bca52f43e27fd7815f61d1501\" style=\"font-size:20px;line-height:1.5\">Custom applications<\/h3>\n\n\n\n<ul class=\"wp-block-list\">\n<li>Web, Android &amp; iOS.<\/li>\n\n\n\n<li>MySQL, Oracle, \u2026<\/li>\n\n\n\n<li>HTML5, CSS3, PHP, Java, JavaScript, \u2026<\/li>\n<\/ul>\n<\/div>\n\n\n\n<div class=\"wp-block-group is-layout-constrained wp-block-group-is-layout-constrained\">\n<h3 class=\"wp-block-heading has-ast-global-color-0-color has-text-color has-link-color wp-elements-aaae90d8c81ec638a0f925ae1407981a\" style=\"font-size:20px;line-height:1.5\">Corporate and SME websites:<\/h3>\n\n\n\n<ul class=\"wp-block-list\">\n<li>SEO \/ SEM positioning<\/li>\n\n\n\n<li>eCommerce<\/li>\n\n\n\n<li>Social networks<\/li>\n<\/ul>\n<\/div>\n<\/div>\n\n\n\n<div class=\"wp-block-column is-vertically-aligned-top is-layout-flow wp-block-column-is-layout-flow\">\n<figure class=\"wp-block-image size-large ext-aspect-landscape\"><img loading=\"lazy\" decoding=\"async\" width=\"1080\" height=\"720\" src=\"https:\/\/www.nexdaon.com\/wp-content\/uploads\/2025\/01\/image-11.jpg\" alt=\"\" class=\"wp-image-275\" style=\"aspect-ratio:3\/4;object-fit:cover\" srcset=\"https:\/\/www.nexdaon.com\/wp-content\/uploads\/2025\/01\/image-11.jpg 1080w, https:\/\/www.nexdaon.com\/wp-content\/uploads\/2025\/01\/image-11-300x200.jpg 300w, https:\/\/www.nexdaon.com\/wp-content\/uploads\/2025\/01\/image-11-1024x683.jpg 1024w, https:\/\/www.nexdaon.com\/wp-content\/uploads\/2025\/01\/image-11-768x512.jpg 768w, https:\/\/www.nexdaon.com\/wp-content\/uploads\/2025\/01\/image-11-18x12.jpg 18w\" sizes=\"auto, (max-width: 1080px) 100vw, 1080px\" \/><\/figure>\n<\/div>\n<\/div>\n<\/div>\n\n\n\n<p><\/p>","protected":false},"excerpt":{"rendered":"<p>Nuestra Descripci\u00f3n de Servicios Profesionales Esta secci\u00f3n destaca la variedad de servicios que ofrecemos, haciendo hincapi\u00e9 en la calidad y [&hellip;]<\/p>","protected":false},"author":1,"featured_media":0,"parent":0,"menu_order":0,"comment_status":"closed","ping_status":"closed","template":"","meta":{"site-sidebar-layout":"default","site-content-layout":"","ast-site-content-layout":"","site-content-style":"default","site-sidebar-style":"default","ast-global-header-display":"","ast-banner-title-visibility":"","ast-main-header-display":"","ast-hfb-above-header-display":"","ast-hfb-below-header-display":"","ast-hfb-mobile-header-display":"","site-post-title":"","ast-breadcrumbs-content":"","ast-featured-img":"","footer-sml-layout":"","theme-transparent-header-meta":"","adv-header-id-meta":"","stick-header-meta":"","header-above-stick-meta":"","header-main-stick-meta":"","header-below-stick-meta":"","astra-migrate-meta-layouts":"default","ast-page-background-enabled":"default","ast-page-background-meta":{"desktop":{"background-color":"var(--ast-global-color-5)","background-image":"","background-repeat":"repeat","background-position":"center center","background-size":"auto","background-attachment":"scroll","background-type":"","background-media":"","overlay-type":"","overlay-color":"","overlay-opacity":"","overlay-gradient":""},"tablet":{"background-color":"","background-image":"","background-repeat":"repeat","background-position":"center center","background-size":"auto","background-attachment":"scroll","background-type":"","background-media":"","overlay-type":"","overlay-color":"","overlay-opacity":"","overlay-gradient":""},"mobile":{"background-color":"","background-image":"","background-repeat":"repeat","background-position":"center center","background-size":"auto","background-attachment":"scroll","background-type":"","background-media":"","overlay-type":"","overlay-color":"","overlay-opacity":"","overlay-gradient":""}},"ast-content-background-meta":{"desktop":{"background-color":"var(--ast-global-color-4)","background-image":"","background-repeat":"repeat","background-position":"center center","background-size":"auto","background-attachment":"scroll","background-type":"","background-media":"","overlay-type":"","overlay-color":"","overlay-opacity":"","overlay-gradient":""},"tablet":{"background-color":"var(--ast-global-color-4)","background-image":"","background-repeat":"repeat","background-position":"center center","background-size":"auto","background-attachment":"scroll","background-type":"","background-media":"","overlay-type":"","overlay-color":"","overlay-opacity":"","overlay-gradient":""},"mobile":{"background-color":"var(--ast-global-color-4)","background-image":"","background-repeat":"repeat","background-position":"center center","background-size":"auto","background-attachment":"scroll","background-type":"","background-media":"","overlay-type":"","overlay-color":"","overlay-opacity":"","overlay-gradient":""}},"footnotes":""},"class_list":["post-16","page","type-page","status-publish","hentry"],"aioseo_notices":[],"_links":{"self":[{"href":"https:\/\/www.nexdaon.com\/en\/wp-json\/wp\/v2\/pages\/16","targetHints":{"allow":["GET"]}}],"collection":[{"href":"https:\/\/www.nexdaon.com\/en\/wp-json\/wp\/v2\/pages"}],"about":[{"href":"https:\/\/www.nexdaon.com\/en\/wp-json\/wp\/v2\/types\/page"}],"author":[{"embeddable":true,"href":"https:\/\/www.nexdaon.com\/en\/wp-json\/wp\/v2\/users\/1"}],"replies":[{"embeddable":true,"href":"https:\/\/www.nexdaon.com\/en\/wp-json\/wp\/v2\/comments?post=16"}],"version-history":[{"count":9,"href":"https:\/\/www.nexdaon.com\/en\/wp-json\/wp\/v2\/pages\/16\/revisions"}],"predecessor-version":[{"id":306,"href":"https:\/\/www.nexdaon.com\/en\/wp-json\/wp\/v2\/pages\/16\/revisions\/306"}],"wp:attachment":[{"href":"https:\/\/www.nexdaon.com\/en\/wp-json\/wp\/v2\/media?parent=16"}],"curies":[{"name":"wp","href":"https:\/\/api.w.org\/{rel}","templated":true}]}}