{"id":17,"date":"2024-12-31T10:47:28","date_gmt":"2024-12-31T10:47:28","guid":{"rendered":"https:\/\/www.nexdaon.com\/equipo\/"},"modified":"2025-01-05T12:05:20","modified_gmt":"2025-01-05T11:05:20","slug":"equipo","status":"publish","type":"page","link":"https:\/\/www.nexdaon.com\/en\/equipo\/","title":{"rendered":"Team"},"content":{"rendered":"<div class=\"wp-block-group alignfull has-background-background-color has-background is-layout-constrained wp-block-group-is-layout-constrained\" style=\"margin-top:0;margin-bottom:0;padding-top:0;padding-bottom:0\">\n<div class=\"wp-block-cover alignfull\" style=\"padding-top:0;padding-right:0;padding-bottom:0;padding-left:0;min-height:50px;aspect-ratio:unset;\"><span aria-hidden=\"true\" class=\"wp-block-cover__background has-black-background-color has-background-dim-60 has-background-dim\"><\/span><img loading=\"lazy\" decoding=\"async\" width=\"1280\" height=\"721\" class=\"wp-block-cover__image-background wp-image-220\" alt=\"\" src=\"https:\/\/www.nexdaon.com\/wp-content\/uploads\/2025\/01\/4cdc46b3868ed7e629126553a2272d1d6f105665.jpg\" data-object-fit=\"cover\" srcset=\"https:\/\/www.nexdaon.com\/wp-content\/uploads\/2025\/01\/4cdc46b3868ed7e629126553a2272d1d6f105665.jpg 1280w, https:\/\/www.nexdaon.com\/wp-content\/uploads\/2025\/01\/4cdc46b3868ed7e629126553a2272d1d6f105665-300x169.jpg 300w, https:\/\/www.nexdaon.com\/wp-content\/uploads\/2025\/01\/4cdc46b3868ed7e629126553a2272d1d6f105665-1024x577.jpg 1024w, https:\/\/www.nexdaon.com\/wp-content\/uploads\/2025\/01\/4cdc46b3868ed7e629126553a2272d1d6f105665-768x433.jpg 768w, https:\/\/www.nexdaon.com\/wp-content\/uploads\/2025\/01\/4cdc46b3868ed7e629126553a2272d1d6f105665-18x10.jpg 18w\" sizes=\"auto, (max-width: 1280px) 100vw, 1280px\" \/><div class=\"wp-block-cover__inner-container is-layout-flow wp-block-cover-is-layout-flow\">\n<div class=\"wp-block-group is-layout-constrained wp-container-core-group-is-layout-dc79e9a9 wp-block-group-is-layout-constrained has-background\" style=\"padding-top:var(--wp--preset--spacing--60);padding-right:var(--wp--preset--spacing--30);padding-bottom:var(--wp--preset--spacing--60);padding-left:var(--wp--preset--spacing--30);background-image:url(&apos;https:\/\/www.nexdaon.com\/wp-content\/uploads\/2025\/01\/4cdc46b3868ed7e629126553a2272d1d6f105665.jpg&apos;);background-size:cover;\">\n<h1 class=\"wp-block-heading has-text-align-center has-text-color has-x-large-font-size\" style=\"color:#fffffffc\">Optimize your digital footprint today<\/h1>\n<\/div>\n<\/div><\/div>\n<\/div>\n\n\n\n<div class=\"inherit-container-width wp-block-group alignfull has-tertiary-background-color has-background is-layout-constrained wp-container-core-group-is-layout-7276a2bb wp-block-group-is-layout-constrained\" id=\"acerca-de\" style=\"margin-top:0;margin-bottom:0;padding-top:var(--wp--preset--spacing--60);padding-right:var(--wp--preset--spacing--30);padding-bottom:var(--wp--preset--spacing--60);padding-left:var(--wp--preset--spacing--30)\">\n<div class=\"wp-block-columns alignwide are-vertically-aligned-center is-layout-flex wp-container-core-columns-is-layout-47c06fe3 wp-block-columns-is-layout-flex\">\n<div class=\"wp-block-column is-vertically-aligned-center is-layout-flow wp-block-column-is-layout-flow\" style=\"flex-basis:60%\">\n<h2 class=\"wp-block-heading has-text-align-left has-large-font-size\">Custom web development solutions<\/h2>\n\n\n\n<p style=\"margin-top:16px\">Here you will discover our mission, values \u200b\u200band history. We focus on the principles that guide our purpose, goals and business success.<\/p>\n<\/div>\n\n\n\n<div class=\"wp-block-column is-vertically-aligned-center is-layout-flow wp-container-core-column-is-layout-f5bb311e wp-block-column-is-layout-flow\" style=\"flex-basis:50%\">\n<figure class=\"wp-block-image\"><img loading=\"lazy\" decoding=\"async\" width=\"1280\" height=\"1924\" src=\"https:\/\/www.nexdaon.com\/wp-content\/uploads\/2024\/12\/9137caaafd05ed2828151c3033a19f251a38c900.jpg\" alt=\"\" class=\"wp-image-45\" style=\"aspect-ratio:4\/3;object-fit:cover\" srcset=\"https:\/\/www.nexdaon.com\/wp-content\/uploads\/2024\/12\/9137caaafd05ed2828151c3033a19f251a38c900.jpg 1280w, https:\/\/www.nexdaon.com\/wp-content\/uploads\/2024\/12\/9137caaafd05ed2828151c3033a19f251a38c900-200x300.jpg 200w, https:\/\/www.nexdaon.com\/wp-content\/uploads\/2024\/12\/9137caaafd05ed2828151c3033a19f251a38c900-681x1024.jpg 681w, https:\/\/www.nexdaon.com\/wp-content\/uploads\/2024\/12\/9137caaafd05ed2828151c3033a19f251a38c900-768x1154.jpg 768w, https:\/\/www.nexdaon.com\/wp-content\/uploads\/2024\/12\/9137caaafd05ed2828151c3033a19f251a38c900-1022x1536.jpg 1022w\" sizes=\"auto, (max-width: 1280px) 100vw, 1280px\" \/><\/figure>\n<\/div>\n<\/div>\n<\/div>\n\n\n\n<p><\/p>","protected":false},"excerpt":{"rendered":"<p>Soluciones de desarrollo web a medida Aqu\u00ed descubrir\u00e1s nuestra misi\u00f3n, valores y trayectoria. Nos enfocamos en los principios que gu\u00edan [&hellip;]<\/p>","protected":false},"author":1,"featured_media":0,"parent":0,"menu_order":0,"comment_status":"closed","ping_status":"closed","template":"","meta":{"site-sidebar-layout":"default","site-content-layout":"","ast-site-content-layout":"","site-content-style":"default","site-sidebar-style":"default","ast-global-header-display":"","ast-banner-title-visibility":"","ast-main-header-display":"","ast-hfb-above-header-display":"","ast-hfb-below-header-display":"","ast-hfb-mobile-header-display":"","site-post-title":"","ast-breadcrumbs-content":"","ast-featured-img":"","footer-sml-layout":"","theme-transparent-header-meta":"","adv-header-id-meta":"","stick-header-meta":"","header-above-stick-meta":"","header-main-stick-meta":"","header-below-stick-meta":"","astra-migrate-meta-layouts":"default","ast-page-background-enabled":"default","ast-page-background-meta":{"desktop":{"background-color":"var(--ast-global-color-5)","background-image":"","background-repeat":"repeat","background-position":"center center","background-size":"auto","background-attachment":"scroll","background-type":"","background-media":"","overlay-type":"","overlay-color":"","overlay-opacity":"","overlay-gradient":""},"tablet":{"background-color":"","background-image":"","background-repeat":"repeat","background-position":"center center","background-size":"auto","background-attachment":"scroll","background-type":"","background-media":"","overlay-type":"","overlay-color":"","overlay-opacity":"","overlay-gradient":""},"mobile":{"background-color":"","background-image":"","background-repeat":"repeat","background-position":"center center","background-size":"auto","background-attachment":"scroll","background-type":"","background-media":"","overlay-type":"","overlay-color":"","overlay-opacity":"","overlay-gradient":""}},"ast-content-background-meta":{"desktop":{"background-color":"var(--ast-global-color-4)","background-image":"","background-repeat":"repeat","background-position":"center center","background-size":"auto","background-attachment":"scroll","background-type":"","background-media":"","overlay-type":"","overlay-color":"","overlay-opacity":"","overlay-gradient":""},"tablet":{"background-color":"var(--ast-global-color-4)","background-image":"","background-repeat":"repeat","background-position":"center center","background-size":"auto","background-attachment":"scroll","background-type":"","background-media":"","overlay-type":"","overlay-color":"","overlay-opacity":"","overlay-gradient":""},"mobile":{"background-color":"var(--ast-global-color-4)","background-image":"","background-repeat":"repeat","background-position":"center center","background-size":"auto","background-attachment":"scroll","background-type":"","background-media":"","overlay-type":"","overlay-color":"","overlay-opacity":"","overlay-gradient":""}},"footnotes":""},"class_list":["post-17","page","type-page","status-publish","hentry"],"aioseo_notices":[],"_links":{"self":[{"href":"https:\/\/www.nexdaon.com\/en\/wp-json\/wp\/v2\/pages\/17","targetHints":{"allow":["GET"]}}],"collection":[{"href":"https:\/\/www.nexdaon.com\/en\/wp-json\/wp\/v2\/pages"}],"about":[{"href":"https:\/\/www.nexdaon.com\/en\/wp-json\/wp\/v2\/types\/page"}],"author":[{"embeddable":true,"href":"https:\/\/www.nexdaon.com\/en\/wp-json\/wp\/v2\/users\/1"}],"replies":[{"embeddable":true,"href":"https:\/\/www.nexdaon.com\/en\/wp-json\/wp\/v2\/comments?post=17"}],"version-history":[{"count":6,"href":"https:\/\/www.nexdaon.com\/en\/wp-json\/wp\/v2\/pages\/17\/revisions"}],"predecessor-version":[{"id":308,"href":"https:\/\/www.nexdaon.com\/en\/wp-json\/wp\/v2\/pages\/17\/revisions\/308"}],"wp:attachment":[{"href":"https:\/\/www.nexdaon.com\/en\/wp-json\/wp\/v2\/media?parent=17"}],"curies":[{"name":"wp","href":"https:\/\/api.w.org\/{rel}","templated":true}]}}